{"id":59,"date":"2023-02-06T07:36:19","date_gmt":"2023-02-06T07:36:19","guid":{"rendered":"http:\/\/www.royaltex.com.es\/?page_id=59"},"modified":"2023-02-06T08:06:30","modified_gmt":"2023-02-06T08:06:30","slug":"politica-de-privacidd","status":"publish","type":"page","link":"https:\/\/www.royaltex.com.es\/index.php\/politica-de-privacidd\/","title":{"rendered":"POL\u00cdTICA DE PRIVACIDAD"},"content":{"rendered":"<p>[et_pb_section fb_built=\u00bb1&#8243; _builder_version=\u00bb4.19.5&#8243; _module_preset=\u00bbdefault\u00bb global_colors_info=\u00bb{}\u00bb][et_pb_row _builder_version=\u00bb4.19.5&#8243; _module_preset=\u00bbdefault\u00bb custom_padding=\u00bb|||51px||\u00bb global_colors_info=\u00bb{}\u00bb][et_pb_column type=\u00bb4_4&#8243; _builder_version=\u00bb4.19.5&#8243; _module_preset=\u00bbdefault\u00bb global_colors_info=\u00bb{}\u00bb][et_pb_text _builder_version=\u00bb4.19.5&#8243; _module_preset=\u00bbdefault\u00bb text_font_size=\u00bb14px\u00bb hover_enabled=\u00bb0&#8243; global_colors_info=\u00bb{}\u00bb sticky_enabled=\u00bb0&#8243;]<\/p>\n<h2 style=\"text-align: center;\"><strong>POL\u00cdTICA DE\u00a0 PRIVACIDAD<\/strong><\/h2>\n<p><strong>\u00a0<\/strong><strong>\u00bfQUI\u00c9N ES EL RESPONSABLE DEL TRATAMIENTO DE SUS DATOS PERSONALES?<\/strong><\/p>\n<p>The Royaltex Balloon Company, S.L. con CIF: B73087686, domicilio en Ctra. Madrid &#8211; Cartagena Km 388 &#8211; 30100 \u2013 Espinardo, Murcia, es el responsable del tratamiento de los datos facilitados por el usuario y garantiza, asimismo, su tratamiento y seguridad confidencial, de conformidad con lo establecido en el Reglamento Europeo de Protecci\u00f3n de Datos (\u201cRGPD\u201d). Para cualquier duda o necesidad que tuviera en materia de protecci\u00f3n de datos puede contactar a trav\u00e9s de rgpd@vivalloons.com<\/p>\n<p><strong>\u00bfCON QU\u00c9 FINALIDAD TRATAMOS SUS DATOS PERSONALES?<\/strong><\/p>\n<p>Garantizar al usuario el acceso y uso de los diversos contenidos situados en la p\u00e1gina web. Tratando altas de usuario para proporcionarle acceso a los diversos servicios disponibles como cliente, distribuidor o bien para contactar con nosotros.<\/p>\n<p><strong>\u00bfCU\u00c1L ES LA LEGITIMACI\u00d3N PARA EL TRATAMIENTO DE SUS DATOS?<\/strong><\/p>\n<p>Con car\u00e1cter general las relaciones entre The Royaltex Balloon Company, S.L. y los usuarios de sus servicios telem\u00e1ticos, presentes en este sitio web, se encuentran sometidas a la legislaci\u00f3n y jurisdicci\u00f3n espa\u00f1olas.<\/p>\n<p><strong>\u00bfQUI\u00c9N TIENE ACCESO A SUS DATOS PERSONALES?<\/strong><\/p>\n<p>Los datos personales no ser\u00e1n proporcionados a terceros salvo obligaci\u00f3n legal<\/p>\n<p><strong>\u00bfCU\u00c1LES SON SUS DERECHOS CUANDO NOS FACILITA LOS DATOS?<\/strong><\/p>\n<p>Para acceder a determinados servicios ser\u00e1 preciso darse de alta como usuario registrado en la p\u00e1gina web. Los datos para cumplimentar los formularios se facilitan de manera libre y voluntaria, de manera que los datos habr\u00e1n de ser ciertos y ajustados a la realidad. El usuario se compromete a hacer un uso diligente y a no poner a disposici\u00f3n de terceros su nombre de usuario y contrase\u00f1a.<\/p>\n<p>Las personas interesadas pueden ejercer su derecho a acceder a sus datos personales, as\u00ed como a solicitar la rectificaci\u00f3n de los datos inexactos o, en su caso, solicitar su supresi\u00f3n cuando, entre otros motivos, los datos ya no sea necesarios para los fines que fueron recogidos. Limitaci\u00f3n del tratamiento de sus datos permitiendo que el tratamiento de datos se paralice, de tal manera que se evite por parte de The Royaltex Balloon Company, S.L. su tratamiento en un futuro, que \u00fanicamente los conservar\u00e1 para el ejercicio o la defensa de reclamaciones. Portabilidad de sus datos y oposici\u00f3n al tratamiento de \u00e9stos dejando as\u00ed de tratar sus datos salvo por motivos leg\u00edtimos o ejercicio de defensa ante posibles reclamaciones.<\/p>\n<p><strong>\u00bfPOR CUANTO TIEMPO CONSERVAREMOS SUS DATOS?<\/strong><\/p>\n<p>Los datos personales proporcionados se conservar\u00e1n durante el tiempo estrictamente necesario para las finalidades del tratamiento para cuyo uso hayan sido proporcionados, siempre que el usuario o interesado no haya revocado su consentimiento, sin perjuicio de la conservaci\u00f3n que resultase necesaria para la formulaci\u00f3n, el ejercicio o la defensa de potenciales reclamaciones y\/o siempre que lo permitiese la legislaci\u00f3n aplicable.<\/p>\n<p>[\/et_pb_text][\/et_pb_column][\/et_pb_row][\/et_pb_section]<\/p>\n","protected":false},"excerpt":{"rendered":"<p>POL\u00cdTICA DE\u00a0 PRIVACIDAD \u00a0\u00bfQUI\u00c9N ES EL RESPONSABLE DEL TRATAMIENTO DE SUS DATOS PERSONALES? The Royaltex Balloon Company, S.L. con CIF: B73087686, domicilio en Ctra. Madrid &#8211; Cartagena Km 388 &#8211; 30100 \u2013 Espinardo, Murcia, es el responsable del tratamiento de los datos facilitados por el usuario y garantiza, asimismo, su tratamiento y seguridad confidencial, de [&hellip;]<\/p>\n","protected":false},"author":1,"featured_media":0,"parent":0,"menu_order":0,"comment_status":"closed","ping_status":"closed","template":"","meta":{"_et_pb_use_builder":"on","_et_pb_old_content":"","_et_gb_content_width":"","footnotes":""},"class_list":["post-59","page","type-page","status-publish","hentry"],"_links":{"self":[{"href":"https:\/\/www.royaltex.com.es\/index.php\/wp-json\/wp\/v2\/pages\/59","targetHints":{"allow":["GET"]}}],"collection":[{"href":"https:\/\/www.royaltex.com.es\/index.php\/wp-json\/wp\/v2\/pages"}],"about":[{"href":"https:\/\/www.royaltex.com.es\/index.php\/wp-json\/wp\/v2\/types\/page"}],"author":[{"embeddable":true,"href":"https:\/\/www.royaltex.com.es\/index.php\/wp-json\/wp\/v2\/users\/1"}],"replies":[{"embeddable":true,"href":"https:\/\/www.royaltex.com.es\/index.php\/wp-json\/wp\/v2\/comments?post=59"}],"version-history":[{"count":9,"href":"https:\/\/www.royaltex.com.es\/index.php\/wp-json\/wp\/v2\/pages\/59\/revisions"}],"predecessor-version":[{"id":81,"href":"https:\/\/www.royaltex.com.es\/index.php\/wp-json\/wp\/v2\/pages\/59\/revisions\/81"}],"wp:attachment":[{"href":"https:\/\/www.royaltex.com.es\/index.php\/wp-json\/wp\/v2\/media?parent=59"}],"curies":[{"name":"wp","href":"https:\/\/api.w.org\/{rel}","templated":true}]}}