{"id":49,"date":"2023-02-03T12:59:48","date_gmt":"2023-02-03T12:59:48","guid":{"rendered":"http:\/\/www.royaltex.com.es\/?page_id=49"},"modified":"2023-02-06T08:03:16","modified_gmt":"2023-02-06T08:03:16","slug":"aviso-legal","status":"publish","type":"page","link":"https:\/\/www.royaltex.com.es\/index.php\/aviso-legal\/","title":{"rendered":"<strong>AVISO LEGAL<\/strong>"},"content":{"rendered":"<p>[et_pb_section fb_built=\u00bb1&#8243; _builder_version=\u00bb4.16&#8243; global_colors_info=\u00bb{}\u00bb][et_pb_row _builder_version=\u00bb4.16&#8243; background_size=\u00bbinitial\u00bb background_position=\u00bbtop_left\u00bb background_repeat=\u00bbrepeat\u00bb global_colors_info=\u00bb{}\u00bb][et_pb_column type=\u00bb4_4&#8243; _builder_version=\u00bb4.16&#8243; custom_padding=\u00bb|||\u00bb global_colors_info=\u00bb{}\u00bb custom_padding__hover=\u00bb|||\u00bb][et_pb_text _builder_version=\u00bb4.19.5&#8243; text_font_size=\u00bb14px\u00bb background_size=\u00bbinitial\u00bb background_position=\u00bbtop_left\u00bb background_repeat=\u00bbrepeat\u00bb hover_enabled=\u00bb0&#8243; global_colors_info=\u00bb{}\u00bb sticky_enabled=\u00bb0&#8243;]<\/p>\n<p><!-- divi:paragraph --><\/p>\n<h2 style=\"text-align: center;\"><strong>AVISO LEGAL<\/strong><\/h2>\n<p>En cumplimiento del deber de informaci\u00f3n contemplado en la normativa vigente los datos identificativos del responsable de la presente Web son:<\/p>\n<p><strong>The Royaltex Balloon Company, s.l.<\/strong> con CIF: B73087686, domicilio social en Ctra. Madrid &#8211; Cartagena Km 388 &#8211; 30100 \u2013 Espinardo, Murcia<\/p>\n<p>Telf. 968305889<\/p>\n<p>Atendiendo a comunicaciones de los usuarios y\/o interesados en rgpd@vivalloons.es<\/p>\n<p><strong>USO Y ACCESO DE USUARIOS<\/strong><\/p>\n<p>La simple y mera utilizaci\u00f3n de la p\u00e1gina otorga la condici\u00f3n de usuario de la p\u00e1gina, bien sea persona f\u00edsica o jur\u00eddica, y obligatoriamente implica la aceptaci\u00f3n completa, plena y sin reservas de todas y cada una de las cl\u00e1usulas y condiciones generales incluidas en el Aviso Legal. Si el usuario no estuviera conforme con las cl\u00e1usulas y condiciones de uso de este Aviso Legal, se abstendr\u00e1 de utilizar la P\u00e1gina.<\/p>\n<p>Este Aviso Legal est\u00e1 sujeto a cambios y actualizaciones por lo que la versi\u00f3n publicada por The Royaltex Balloon Compony, s.l. puede ser diferente en cada momento en que el usuario acceda al portal. Por tanto, el usuario debe leer el Aviso Legal en todas y cada una de las ocasiones en que acceda a la P\u00e1gina.<\/p>\n<p><strong>PROPIEDAD INTELECTUAL E INDUSTRIAL<\/strong><\/p>\n<p>Los derechos de propiedad intelectual del contenido de las p\u00e1ginas web, su dise\u00f1o gr\u00e1fico y c\u00f3digos son titularidad de The Royaltex Balloon Compony, s.l. y, por tanto, queda prohibida su reproducci\u00f3n, distribuci\u00f3n, comunicaci\u00f3n p\u00fablica, transformaci\u00f3n o cualquier otra actividad que se pueda realizar con los contenidos de sus p\u00e1ginas web ni aun citando las fuentes, salvo consentimiento por escrito de The Royaltex Balloon Compony, s.l.<\/p>\n<p><strong>CONTENIDO DE LA WEB Y ENLACES (LINKS)<\/strong> <strong>\u00a0<\/strong><\/p>\n<p>The Royaltex Balloon Compony, s.l. se reserva el derecho a actualizar, modificar o eliminar la informaci\u00f3n contenida en sus p\u00e1ginas web pudiendo incluso limitar o no permitir el acceso a dicha informaci\u00f3n a ciertos usuarios.<\/p>\n<p>The Royaltex Balloon Compony, s.l. no asume responsabilidad alguna por la informaci\u00f3n contenida en p\u00e1ginas web de terceros a las que se pueda acceder por \u00ablinks\u00bb o enlaces desde cualquier p\u00e1gina web propiedad de The Royaltex Balloon Compony, s.l. La presencia de \u00ablinks\u00bb o enlaces en las p\u00e1ginas web tiene finalidad meramente informativa y en ning\u00fan caso supone sugerencia, invitaci\u00f3n o recomendaci\u00f3n sobre los mismos.<\/p>\n<p>&nbsp;<\/p>\n<p><!-- \/divi:paragraph --><\/p>\n<p>[\/et_pb_text][\/et_pb_column][\/et_pb_row][\/et_pb_section]<\/p>\n","protected":false},"excerpt":{"rendered":"<p>AVISO LEGAL En cumplimiento del deber de informaci\u00f3n contemplado en la normativa vigente los datos identificativos del responsable de la presente Web son: The Royaltex Balloon Company, s.l. con CIF: B73087686, domicilio social en Ctra. Madrid &#8211; Cartagena Km 388 &#8211; 30100 \u2013 Espinardo, Murcia Telf. 968305889 Atendiendo a comunicaciones de los usuarios y\/o interesados [&hellip;]<\/p>\n","protected":false},"author":1,"featured_media":0,"parent":0,"menu_order":0,"comment_status":"closed","ping_status":"closed","template":"","meta":{"_et_pb_use_builder":"on","_et_pb_old_content":"<!-- wp:paragraph -->\n<p>En cumplimiento del deber de informaci\u00f3n contemplado en la normativa vigente los datos identificativos del responsable de la presente Web son:<\/p>\n<!-- \/wp:paragraph -->\n\n<!-- wp:paragraph -->\n<p><strong>The Royaltex Balloon Company<\/strong> con CIF:         , domicilio social en Ctra. Madrid - Cartagena Km 388 - 30100 \u2013 Espinardo, Murcia<\/p>\n<!-- \/wp:paragraph -->\n\n<!-- wp:paragraph -->\n<p>Telf. 968305889<\/p>\n<!-- \/wp:paragraph -->\n\n<!-- wp:paragraph -->\n<p>Atendiendo a comunicaciones de los usuarios y\/o interesados en rgpd@vivalloons.es<\/p>\n<!-- \/wp:paragraph -->\n\n<!-- wp:paragraph -->\n<p><strong>USO Y ACCESO DE USUARIOS<\/strong><\/p>\n<!-- \/wp:paragraph -->\n\n<!-- wp:paragraph -->\n<p>La simple y mera utilizaci\u00f3n de la p\u00e1gina otorga la condici\u00f3n de usuario de la p\u00e1gina, bien sea persona f\u00edsica o jur\u00eddica, y obligatoriamente implica la aceptaci\u00f3n completa, plena y sin reservas de todas y cada una de las cl\u00e1usulas y condiciones generales incluidas en el Aviso Legal. Si el usuario no estuviera conforme con las cl\u00e1usulas y condiciones de uso de este Aviso Legal, se abstendr\u00e1 de utilizar la P\u00e1gina.<\/p>\n<!-- \/wp:paragraph -->\n\n<!-- wp:paragraph -->\n<p>Este Aviso Legal est\u00e1 sujeto a cambios y actualizaciones por lo que la versi\u00f3n publicada por VIVALLOONS puede ser diferente en cada momento en que el usuario acceda al portal. Por tanto, el usuario debe leer el Aviso Legal en todas y cada una de las ocasiones en que acceda a la P\u00e1gina.<\/p>\n<!-- \/wp:paragraph -->\n\n<!-- wp:paragraph -->\n<p><strong>PROPIEDAD INTELECTUAL E INDUSTRIAL<\/strong><\/p>\n<!-- \/wp:paragraph -->\n\n<!-- wp:paragraph -->\n<p>Los derechos de propiedad intelectual del contenido de las p\u00e1ginas web, su dise\u00f1o gr\u00e1fico y c\u00f3digos son titularidad de VIVALLOONS, S.L. y, por tanto, queda prohibida su reproducci\u00f3n, distribuci\u00f3n, comunicaci\u00f3n p\u00fablica, transformaci\u00f3n o cualquier otra actividad que se pueda realizar con los contenidos de sus p\u00e1ginas web ni aun citando las fuentes, salvo consentimiento por escrito de VIVALLOONS, S.L.<\/p>\n<!-- \/wp:paragraph -->\n\n<!-- wp:paragraph -->\n<p><strong>CONTENIDO DE LA WEB Y ENLACES (LINKS)<\/strong><\/p>\n<!-- \/wp:paragraph -->\n\n<!-- wp:paragraph -->\n<p>VIVALLOONS, S.L. se reserva el derecho a actualizar, modificar o eliminar la informaci\u00f3n contenida en sus p\u00e1ginas web pudiendo incluso limitar o no permitir el acceso a dicha informaci\u00f3n a ciertos usuarios.<\/p>\n<!-- \/wp:paragraph -->\n\n<!-- wp:paragraph -->\n<p>VIVALLOONS, S.L. no asume responsabilidad alguna por la informaci\u00f3n contenida en p\u00e1ginas web de terceros a las que se pueda acceder por \"links\" o enlaces desde cualquier p\u00e1gina web propiedad de VIVALLOONS, S.L. La presencia de \"links\" o enlaces en las p\u00e1ginas web tiene finalidad meramente informativa y en ning\u00fan caso supone sugerencia, invitaci\u00f3n o recomendaci\u00f3n sobre los mismos.<\/p>\n<!-- \/wp:paragraph -->","_et_gb_content_width":"","footnotes":""},"class_list":["post-49","page","type-page","status-publish","hentry"],"_links":{"self":[{"href":"https:\/\/www.royaltex.com.es\/index.php\/wp-json\/wp\/v2\/pages\/49","targetHints":{"allow":["GET"]}}],"collection":[{"href":"https:\/\/www.royaltex.com.es\/index.php\/wp-json\/wp\/v2\/pages"}],"about":[{"href":"https:\/\/www.royaltex.com.es\/index.php\/wp-json\/wp\/v2\/types\/page"}],"author":[{"embeddable":true,"href":"https:\/\/www.royaltex.com.es\/index.php\/wp-json\/wp\/v2\/users\/1"}],"replies":[{"embeddable":true,"href":"https:\/\/www.royaltex.com.es\/index.php\/wp-json\/wp\/v2\/comments?post=49"}],"version-history":[{"count":8,"href":"https:\/\/www.royaltex.com.es\/index.php\/wp-json\/wp\/v2\/pages\/49\/revisions"}],"predecessor-version":[{"id":78,"href":"https:\/\/www.royaltex.com.es\/index.php\/wp-json\/wp\/v2\/pages\/49\/revisions\/78"}],"wp:attachment":[{"href":"https:\/\/www.royaltex.com.es\/index.php\/wp-json\/wp\/v2\/media?parent=49"}],"curies":[{"name":"wp","href":"https:\/\/api.w.org\/{rel}","templated":true}]}}