{"id":20,"date":"2023-02-01T13:03:41","date_gmt":"2023-02-01T13:03:41","guid":{"rendered":"http:\/\/www.royaltex.com.es\/?page_id=20"},"modified":"2026-03-10T15:35:43","modified_gmt":"2026-03-10T15:35:43","slug":"20-2","status":"publish","type":"page","link":"https:\/\/www.royaltex.com.es\/","title":{"rendered":"Inicio"},"content":{"rendered":"<p>[et_pb_section fb_built=\u00bb1&#8243; _builder_version=\u00bb4.27.5&#8243; _module_preset=\u00bbdefault\u00bb background_color=\u00bb#1e1e1c\u00bb global_colors_info=\u00bb{}\u00bb][et_pb_row _builder_version=\u00bb4.27.5&#8243; _module_preset=\u00bbdefault\u00bb background_color=\u00bb#1e1e1c\u00bb custom_margin=\u00bb-4px||-27px||false|false\u00bb custom_padding=\u00bb0px||||false|false\u00bb global_colors_info=\u00bb{}\u00bb][et_pb_column type=\u00bb4_4&#8243; _builder_version=\u00bb4.27.4&#8243; _module_preset=\u00bbdefault\u00bb global_colors_info=\u00bb{}\u00bb][et_pb_image src=\u00bbhttps:\/\/www.royaltex.com.es\/wp-content\/uploads\/2026\/01\/005-Logo-sin-fondo-01.png\u00bb title_text=\u00bb005 Logo sin fondo-01&#8243; align=\u00bbcenter\u00bb _builder_version=\u00bb4.27.5&#8243; _module_preset=\u00bbdefault\u00bb width=\u00bb46%\u00bb global_colors_info=\u00bb{}\u00bb][\/et_pb_image][\/et_pb_column][\/et_pb_row][et_pb_row _builder_version=\u00bb4.27.5&#8243; _module_preset=\u00bbdefault\u00bb background_color=\u00bbRGBA(255,255,255,0)\u00bb width=\u00bb100%\u00bb global_colors_info=\u00bb{}\u00bb][et_pb_column type=\u00bb4_4&#8243; _builder_version=\u00bb4.19.5&#8243; _module_preset=\u00bbdefault\u00bb global_colors_info=\u00bb{}\u00bb][et_pb_image src=\u00bbhttps:\/\/www.royaltex.com.es\/wp-content\/uploads\/2026\/01\/Captura-de-pantalla-2026-01-28-105110.jpg\u00bb alt=\u00bbGlobos_Royaltex\u00bb title_text=\u00bbGLOBOS PUBLICITARIOS\u00bb force_fullwidth=\u00bbon\u00bb _builder_version=\u00bb4.27.5&#8243; _module_preset=\u00bbdefault\u00bb transform_scale=\u00bb90%|90%\u00bb global_colors_info=\u00bb{}\u00bb][\/et_pb_image][\/et_pb_column][\/et_pb_row][et_pb_row _builder_version=\u00bb4.27.6&#8243; _module_preset=\u00bbdefault\u00bb][et_pb_column _builder_version=\u00bb4.27.6&#8243; _module_preset=\u00bbdefault\u00bb type=\u00bb4_4&#8243;][et_pb_image src=\u00bbhttps:\/\/www.royaltex.com.es\/wp-content\/uploads\/2026\/03\/curso-decoracion-banner-web-1.jpg\u00bb _builder_version=\u00bb4.27.6&#8243; _module_preset=\u00bbdefault\u00bb alt=\u00bbcurso de decoraci\u00f3n con globos royaltex\u00bb title_text=\u00bbcurso-decoracion-banner-web\u00bb hover_enabled=\u00bb0&#8243; sticky_enabled=\u00bb0&#8243; url=\u00bbhttps:\/\/www.royaltex.com.es\/index.php\/curso-decoracion\/\u00bb][\/et_pb_image][\/et_pb_column][\/et_pb_row][et_pb_row column_structure=\u00bb1_2,1_2&#8243; _builder_version=\u00bb4.27.4&#8243; _module_preset=\u00bbdefault\u00bb custom_margin=\u00bb49px||||false|false\u00bb global_colors_info=\u00bb{}\u00bb][et_pb_column type=\u00bb1_2&#8243; _builder_version=\u00bb4.27.4&#8243; _module_preset=\u00bbdefault\u00bb global_colors_info=\u00bb{}\u00bb][et_pb_image src=\u00bbhttps:\/\/www.royaltex.com.es\/wp-content\/uploads\/2025\/02\/Globos_decoracion.jpg\u00bb alt=\u00bbGlobos_Decoracion\u00bb title_text=\u00bbGlobos_decoracion\u00bb _builder_version=\u00bb4.27.4&#8243; _module_preset=\u00bbdefault\u00bb transform_scale=\u00bb100%|98%\u00bb transform_scale_linked=\u00bboff\u00bb transform_translate=\u00bb114px|0px\u00bb transform_translate_linked=\u00bboff\u00bb width=\u00bb56%\u00bb border_radii=\u00bbon|50%|50%|50%|50%\u00bb border_width_all=\u00bb4px\u00bb border_color_all=\u00bb#b8a273&#8243; global_colors_info=\u00bb{}\u00bb][\/et_pb_image][et_pb_text _builder_version=\u00bb4.27.5&#8243; _module_preset=\u00bbdefault\u00bb text_text_color=\u00bb#FFFFFF\u00bb header_text_color=\u00bb#FFFFFF\u00bb background_layout=\u00bbdark\u00bb custom_padding=\u00bb0px|||||\u00bb inline_fonts=\u00bbAndika\u00bb global_colors_info=\u00bb{}\u00bb]<\/p>\n<h2 style=\"text-align: center;\"><span style=\"font-family: Andika; font-weight: normal;\"><strong>Globos de decoraci\u00f3n<\/strong><\/span><\/h2>\n<p>[\/et_pb_text][\/et_pb_column][et_pb_column type=\u00bb1_2&#8243; _builder_version=\u00bb4.27.4&#8243; _module_preset=\u00bbdefault\u00bb global_colors_info=\u00bb{}\u00bb][et_pb_image src=\u00bbhttps:\/\/www.royaltex.com.es\/wp-content\/uploads\/2025\/02\/Globos_publicidad.jpg\u00bb alt=\u00bbGlobos_publicidad\u00bb title_text=\u00bbGlobos_publicidad\u00bb _builder_version=\u00bb4.27.4&#8243; _module_preset=\u00bbdefault\u00bb transform_scale=\u00bb100%|98%\u00bb transform_scale_linked=\u00bboff\u00bb transform_translate=\u00bb100px|0px\u00bb transform_translate_linked=\u00bboff\u00bb width=\u00bb56%\u00bb border_radii=\u00bbon|50%|50%|50%|50%\u00bb border_width_all=\u00bb4px\u00bb border_color_all=\u00bb#b8a273&#8243; global_colors_info=\u00bb{}\u00bb][\/et_pb_image][et_pb_text _builder_version=\u00bb4.27.5&#8243; _module_preset=\u00bbdefault\u00bb background_layout=\u00bbdark\u00bb inline_fonts=\u00bbAndika\u00bb global_colors_info=\u00bb{}\u00bb]<\/p>\n<h2 style=\"text-align: center;\"><span style=\"font-family: Andika; font-weight: normal;\"><strong>Globos de Publicidad<\/strong><\/span><\/h2>\n<p>[\/et_pb_text][\/et_pb_column][\/et_pb_row][et_pb_row _builder_version=\u00bb4.19.5&#8243; _module_preset=\u00bbdefault\u00bb global_colors_info=\u00bb{}\u00bb][et_pb_column type=\u00bb4_4&#8243; _builder_version=\u00bb4.19.5&#8243; _module_preset=\u00bbdefault\u00bb global_colors_info=\u00bb{}\u00bb][et_pb_text _builder_version=\u00bb4.27.5&#8243; _module_preset=\u00bbdefault\u00bb text_text_color=\u00bb#b8a273&#8243; background_layout=\u00bbdark\u00bb global_colors_info=\u00bb{}\u00bb]<\/p>\n<h1><strong>Globos Royaltex<\/strong><\/h1>\n<p>[\/et_pb_text][\/et_pb_column][\/et_pb_row][et_pb_row _builder_version=\u00bb4.19.5&#8243; _module_preset=\u00bbdefault\u00bb global_colors_info=\u00bb{}\u00bb][et_pb_column type=\u00bb4_4&#8243; _builder_version=\u00bb4.19.5&#8243; _module_preset=\u00bbdefault\u00bb global_colors_info=\u00bb{}\u00bb][et_pb_text _builder_version=\u00bb4.27.5&#8243; _module_preset=\u00bbdefault\u00bb text_font_size=\u00bb16px\u00bb text_line_height=\u00bb1.8em\u00bb background_layout=\u00bbdark\u00bb global_colors_info=\u00bb{}\u00bb]<\/p>\n<p>\u00a1Desde nuestra experiencia queremos que su publicidad no pase desapercibida!<br \/>Por ello ponemos a su disposici\u00f3n la experiencia de una empresa vinculada al mundo del globo desde el a\u00f1o 1954 y que lograr\u00e1 el impacto que su negocio aspira alcanzar.<br \/>&#8211; Aumente el impacto y notoriedad de su marca haciendo la publicidad m\u00e1s alegre, divertida y original para su empresa.<br \/>&#8211; Los globos de l\u00e1tex son el soporte m\u00e1s efectivo y original para la publicidad de su marca permitiendo as\u00ed una comunicaci\u00f3n eficaz, rentable y notoria de su empresa con sus clientes.<br \/>&#8211; Nuestros globos est\u00e1n fabricados con l\u00e1tex de caucho natural 100% biodegradable siendo esta una forma de comunicaci\u00f3n publicitaria ecol\u00f3gica con el debido respeto y cuidado al medio ambiente.<br \/>&#8211; Todos nuestros productos est\u00e1n fabricados conforme a los m\u00e1s exigentes est\u00e1ndares de calidad y en cumplimiento de la normativa Europea vigente.<br \/>Desde nuestros inicios en el sector publicitario en 2001, fabricamos sonrisas y emociones deleitando millones de corazones en todo el mundo. Una tecnolog\u00eda de fabricaci\u00f3n de \u00faltima generaci\u00f3n y un gran equipo humano nos permite colaborar estrechamente con cada proyecto y ofrecer soluciones personalizadas sin olvidar nuestro lema: \u201cUn globo \u2013 una sonrisa\u201d.<br \/>\u00a1Si lo que busca es sorprender y crear una publicidad diferente y atractiva, sin duda lo conseguir\u00e1 con el apoyo de nuestro equipo!<\/p>\n<p>[\/et_pb_text][\/et_pb_column][\/et_pb_row][\/et_pb_section][et_pb_section fb_built=\u00bb1&#8243; _builder_version=\u00bb4.27.5&#8243; _module_preset=\u00bbdefault\u00bb background_color=\u00bb#1e1e1c\u00bb transform_translate=\u00bb0px|-101px\u00bb transform_translate_linked=\u00bboff\u00bb min_height=\u00bb312px\u00bb global_colors_info=\u00bb{}\u00bb][et_pb_row _builder_version=\u00bb4.19.5&#8243; _module_preset=\u00bbdefault\u00bb global_colors_info=\u00bb{}\u00bb][et_pb_column type=\u00bb4_4&#8243; _builder_version=\u00bb4.19.5&#8243; _module_preset=\u00bbdefault\u00bb global_colors_info=\u00bb{}\u00bb][et_pb_text _builder_version=\u00bb4.27.5&#8243; _module_preset=\u00bbdefault\u00bb background_layout=\u00bbdark\u00bb global_colors_info=\u00bb{}\u00bb]<\/p>\n<h1><strong>Royaltex en Promogift<br \/><\/strong><\/h1>\n<p>[\/et_pb_text][\/et_pb_column][\/et_pb_row][et_pb_row column_structure=\u00bb3_5,2_5&#8243; _builder_version=\u00bb4.27.4&#8243; _module_preset=\u00bbdefault\u00bb transform_scale=\u00bb99%|99%\u00bb transform_translate=\u00bb-4px|-36px\u00bb transform_translate_linked=\u00bboff\u00bb global_colors_info=\u00bb{}\u00bb][et_pb_column type=\u00bb3_5&#8243; _builder_version=\u00bb4.19.5&#8243; _module_preset=\u00bbdefault\u00bb global_colors_info=\u00bb{}\u00bb][et_pb_gallery gallery_ids=\u00bb142,141&#8243; show_title_and_caption=\u00bboff\u00bb show_pagination=\u00bboff\u00bb _builder_version=\u00bb4.19.5&#8243; _module_preset=\u00bbdefault\u00bb global_colors_info=\u00bb{}\u00bb][\/et_pb_gallery][\/et_pb_column][et_pb_column type=\u00bb2_5&#8243; _builder_version=\u00bb4.19.5&#8243; _module_preset=\u00bbdefault\u00bb global_colors_info=\u00bb{}\u00bb][\/et_pb_column][\/et_pb_row][\/et_pb_section][et_pb_section fb_built=\u00bb1&#8243; _builder_version=\u00bb4.27.5&#8243; _module_preset=\u00bbdefault\u00bb background_color=\u00bb#1e1e1c\u00bb global_colors_info=\u00bb{}\u00bb][\/et_pb_section][et_pb_section fb_built=\u00bb1&#8243; _builder_version=\u00bb4.27.5&#8243; _module_preset=\u00bbdefault\u00bb background_color=\u00bb#1e1e1c\u00bb global_colors_info=\u00bb{}\u00bb][\/et_pb_section]<\/p>\n","protected":false},"excerpt":{"rendered":"<p>Globos de decoraci\u00f3nGlobos de PublicidadGlobos Royaltex\u00a1Desde nuestra experiencia queremos que su publicidad no pase desapercibida!Por ello ponemos a su disposici\u00f3n la experiencia de una empresa vinculada al mundo del globo desde el a\u00f1o 1954 y que lograr\u00e1 el impacto que su negocio aspira alcanzar.- Aumente el impacto y notoriedad de su marca haciendo la publicidad [&hellip;]<\/p>\n","protected":false},"author":1,"featured_media":0,"parent":0,"menu_order":0,"comment_status":"closed","ping_status":"closed","template":"","meta":{"_et_pb_use_builder":"on","_et_pb_old_content":"","_et_gb_content_width":"","footnotes":""},"class_list":["post-20","page","type-page","status-publish","hentry"],"_links":{"self":[{"href":"https:\/\/www.royaltex.com.es\/index.php\/wp-json\/wp\/v2\/pages\/20","targetHints":{"allow":["GET"]}}],"collection":[{"href":"https:\/\/www.royaltex.com.es\/index.php\/wp-json\/wp\/v2\/pages"}],"about":[{"href":"https:\/\/www.royaltex.com.es\/index.php\/wp-json\/wp\/v2\/types\/page"}],"author":[{"embeddable":true,"href":"https:\/\/www.royaltex.com.es\/index.php\/wp-json\/wp\/v2\/users\/1"}],"replies":[{"embeddable":true,"href":"https:\/\/www.royaltex.com.es\/index.php\/wp-json\/wp\/v2\/comments?post=20"}],"version-history":[{"count":24,"href":"https:\/\/www.royaltex.com.es\/index.php\/wp-json\/wp\/v2\/pages\/20\/revisions"}],"predecessor-version":[{"id":312,"href":"https:\/\/www.royaltex.com.es\/index.php\/wp-json\/wp\/v2\/pages\/20\/revisions\/312"}],"wp:attachment":[{"href":"https:\/\/www.royaltex.com.es\/index.php\/wp-json\/wp\/v2\/media?parent=20"}],"curies":[{"name":"wp","href":"https:\/\/api.w.org\/{rel}","templated":true}]}}